{"id":6937,"date":"2024-09-26T09:59:06","date_gmt":"2024-09-26T09:59:06","guid":{"rendered":"https:\/\/preprod.cadenceavocats.com\/?page_id=6937"},"modified":"2025-03-26T21:44:17","modified_gmt":"2025-03-26T21:44:17","slug":"sante","status":"publish","type":"page","link":"https:\/\/cadenceavocats.com\/en\/sante\/","title":{"rendered":"Health"},"content":{"rendered":"<div data-elementor-type=\"wp-page\" data-elementor-id=\"6937\" class=\"elementor elementor-6937\" data-elementor-post-type=\"page\">\n\t\t\t\t<div class=\"elementor-element elementor-element-04e9075 e-con-full e-flex e-con e-parent\" data-id=\"04e9075\" data-element_type=\"container\">\n\t\t<div class=\"elementor-element elementor-element-367d9b4 e-con-full e-flex e-con e-child\" data-id=\"367d9b4\" data-element_type=\"container\">\n\t\t\t\t<div class=\"elementor-element elementor-element-ac3fe2e elementor-widget elementor-widget-image\" data-id=\"ac3fe2e\" data-element_type=\"widget\" data-widget_type=\"image.default\">\n\t\t\t\t<div class=\"elementor-widget-container\">\n\t\t\t\t\t\t\t\t\t\t\t\t\t<img decoding=\"async\" width=\"1\" height=\"1\" src=\"https:\/\/cadenceavocats.com\/wp-content\/uploads\/2025\/03\/Orange.jpg\" class=\"attachment-large size-large wp-image-8689\" alt=\"\" \/>\t\t\t\t\t\t\t\t\t\t\t\t\t<\/div>\n\t\t\t\t<\/div>\n\t\t\t\t<div class=\"elementor-element elementor-element-3765dd5 elementor-widget-mobile__width-inherit elementor-widget elementor-widget-heading\" data-id=\"3765dd5\" data-element_type=\"widget\" data-widget_type=\"heading.default\">\n\t\t\t\t<div class=\"elementor-widget-container\">\n\t\t\t<h2 class=\"elementor-heading-title elementor-size-default\">Health <img decoding=\"async\" src=\"\/wp-content\/uploads\/2024\/10\/trois-ligne-blanc.png\" alt=\"\" \/><\/h2>\t\t<\/div>\n\t\t\t\t<\/div>\n\t\t\t\t<div class=\"elementor-element elementor-element-b576865 elementor-hidden-mobile elementor-invisible elementor-widget elementor-widget-text-editor\" data-id=\"b576865\" data-element_type=\"widget\" data-settings=\"{&quot;motion_fx_motion_fx_scrolling&quot;:&quot;yes&quot;,&quot;_animation&quot;:&quot;fadeIn&quot;,&quot;_animation_delay&quot;:500,&quot;motion_fx_devices&quot;:[&quot;desktop&quot;,&quot;tablet&quot;,&quot;mobile&quot;]}\" data-widget_type=\"text-editor.default\">\n\t\t\t\t<div class=\"elementor-widget-container\">\n\t\t\t\t\t\t\t<p>STRUCTURING PROFESSIONAL PRACTICE<\/p>\t\t\t\t\t\t<\/div>\n\t\t\t\t<\/div>\n\t\t\t\t<div class=\"elementor-element elementor-element-76281fe elementor-hidden-mobile elementor-invisible elementor-widget elementor-widget-text-editor\" data-id=\"76281fe\" data-element_type=\"widget\" data-settings=\"{&quot;_animation&quot;:&quot;fadeIn&quot;,&quot;_animation_delay&quot;:900}\" data-widget_type=\"text-editor.default\">\n\t\t\t\t<div class=\"elementor-widget-container\">\n\t\t\t\t\t\t\t<p>WEALTH MANAGEMENT<\/p>\t\t\t\t\t\t<\/div>\n\t\t\t\t<\/div>\n\t\t\t\t<div class=\"elementor-element elementor-element-2794cbc elementor-hidden-mobile elementor-invisible elementor-widget elementor-widget-text-editor\" data-id=\"2794cbc\" data-element_type=\"widget\" data-settings=\"{&quot;_animation&quot;:&quot;fadeIn&quot;,&quot;_animation_delay&quot;:600}\" data-widget_type=\"text-editor.default\">\n\t\t\t\t<div class=\"elementor-widget-container\">\n\t\t\t\t\t\t\t<p>MERGERS\/TRANSFERS<\/p>\t\t\t\t\t\t<\/div>\n\t\t\t\t<\/div>\n\t\t\t\t<div class=\"elementor-element elementor-element-5bc32e1 elementor-hidden-mobile elementor-invisible elementor-widget elementor-widget-text-editor\" data-id=\"5bc32e1\" data-element_type=\"widget\" data-settings=\"{&quot;_animation&quot;:&quot;fadeIn&quot;,&quot;_animation_delay&quot;:800}\" data-widget_type=\"text-editor.default\">\n\t\t\t\t<div class=\"elementor-widget-container\">\n\t\t\t\t\t\t\t<p>PARTNERSHIPS<\/p>\t\t\t\t\t\t<\/div>\n\t\t\t\t<\/div>\n\t\t\t\t<div class=\"elementor-element elementor-element-f519e71 elementor-hidden-mobile elementor-invisible elementor-widget elementor-widget-text-editor\" data-id=\"f519e71\" data-element_type=\"widget\" data-settings=\"{&quot;_animation&quot;:&quot;fadeIn&quot;,&quot;_animation_delay&quot;:700}\" data-widget_type=\"text-editor.default\">\n\t\t\t\t<div class=\"elementor-widget-container\">\n\t\t\t\t\t\t\t<p>Taxation of liberal professionals<\/p>\t\t\t\t\t\t<\/div>\n\t\t\t\t<\/div>\n\t\t\t\t<div class=\"elementor-element elementor-element-ceb29a8 elementor-hidden-mobile elementor-invisible elementor-widget elementor-widget-text-editor\" data-id=\"ceb29a8\" data-element_type=\"widget\" data-settings=\"{&quot;_animation&quot;:&quot;fadeIn&quot;,&quot;_animation_delay&quot;:700}\" data-widget_type=\"text-editor.default\">\n\t\t\t\t<div class=\"elementor-widget-container\">\n\t\t\t\t\t\t\t<p>PUBLIC FUNDING<\/p>\t\t\t\t\t\t<\/div>\n\t\t\t\t<\/div>\n\t\t\t\t<\/div>\n\t\t\t\t<div class=\"elementor-element elementor-element-511133e elementor-widget__width-initial elementor-widget elementor-widget-text-editor\" data-id=\"511133e\" data-element_type=\"widget\" data-widget_type=\"text-editor.default\">\n\t\t\t\t<div class=\"elementor-widget-container\">\n\t\t\t\t\t\t\t<section id=\"\" class=\"bg-back1\"><div class=\"relative container mx-auto pb-20 lg:px-10 pt-20 text-primary sm:flex\"><div class=\"sm:basis-12\/12 px-10 sm:px-10 md:px-20 lg:px-28 xl:px-40\"><div id=\"\" class=\"leading-7\"><p class=\"mb-4\">CADENCE AVOCATS has developed specific expertise in health law. The firm assists healthcare professionals (practitioners working individually and in partnerships, clinics and medical groups) in structuring their professional practices and technical platforms.<\/p><p class=\"mb-4\">More generally, our firm also provides expert assistance to all the regulated professions (notaries, lawyers, vets etc.).<\/p><\/div><\/div><\/div><\/section>\t\t\t\t\t\t<\/div>\n\t\t\t\t<\/div>\n\t\t\t\t<\/div>\n\t\t\t\t<\/div>","protected":false},"excerpt":{"rendered":"<p>Sant\u00e9 Structuration de l&rsquo;exercice professionnel Gestion patrimoniale Concentration \/ Cession Relation d&rsquo;associ\u00e9s Fiscalit\u00e9 des professionels lib\u00e9raux Financement public CADENCE AVOCATS a d\u00e9velopp\u00e9 une expertise en droit de la sant\u00e9. Le cabinet assiste ainsi les professionnels de sant\u00e9 (praticiens, cabinets group\u00e9s, cliniques et groupements m\u00e9dicaux) sur la structuration de leur exercice professionnel ainsi que de leur&hellip;<\/p>","protected":false},"author":1,"featured_media":8668,"parent":0,"menu_order":5,"comment_status":"closed","ping_status":"closed","template":"","meta":{"footnotes":""},"class_list":["post-6937","page","type-page","status-publish","has-post-thumbnail","hentry"],"_links":{"self":[{"href":"https:\/\/cadenceavocats.com\/en\/wp-json\/wp\/v2\/pages\/6937","targetHints":{"allow":["GET"]}}],"collection":[{"href":"https:\/\/cadenceavocats.com\/en\/wp-json\/wp\/v2\/pages"}],"about":[{"href":"https:\/\/cadenceavocats.com\/en\/wp-json\/wp\/v2\/types\/page"}],"author":[{"embeddable":true,"href":"https:\/\/cadenceavocats.com\/en\/wp-json\/wp\/v2\/users\/1"}],"replies":[{"embeddable":true,"href":"https:\/\/cadenceavocats.com\/en\/wp-json\/wp\/v2\/comments?post=6937"}],"version-history":[{"count":37,"href":"https:\/\/cadenceavocats.com\/en\/wp-json\/wp\/v2\/pages\/6937\/revisions"}],"predecessor-version":[{"id":8692,"href":"https:\/\/cadenceavocats.com\/en\/wp-json\/wp\/v2\/pages\/6937\/revisions\/8692"}],"wp:featuredmedia":[{"embeddable":true,"href":"https:\/\/cadenceavocats.com\/en\/wp-json\/wp\/v2\/media\/8668"}],"wp:attachment":[{"href":"https:\/\/cadenceavocats.com\/en\/wp-json\/wp\/v2\/media?parent=6937"}],"curies":[{"name":"wp","href":"https:\/\/api.w.org\/{rel}","templated":true}]}}