{"id":6943,"date":"2024-09-26T10:00:04","date_gmt":"2024-09-26T10:00:04","guid":{"rendered":"https:\/\/preprod.cadenceavocats.com\/?page_id=6943"},"modified":"2024-12-11T14:38:07","modified_gmt":"2024-12-11T14:38:07","slug":"financement","status":"publish","type":"page","link":"https:\/\/cadenceavocats.com\/en\/financement\/","title":{"rendered":"Finance"},"content":{"rendered":"<div data-elementor-type=\"wp-page\" data-elementor-id=\"6943\" class=\"elementor elementor-6943\" data-elementor-post-type=\"page\">\n\t\t\t\t<div class=\"elementor-element elementor-element-8dfcc5e e-con-full e-flex e-con e-parent\" data-id=\"8dfcc5e\" data-element_type=\"container\">\n\t\t<div class=\"elementor-element elementor-element-6dbaf55 e-con-full e-flex e-con e-child\" data-id=\"6dbaf55\" data-element_type=\"container\">\n\t\t\t\t<div class=\"elementor-element elementor-element-d03c273 elementor-widget elementor-widget-image\" data-id=\"d03c273\" data-element_type=\"widget\" data-widget_type=\"image.default\">\n\t\t\t\t<div class=\"elementor-widget-container\">\n\t\t\t\t\t\t\t\t\t\t\t\t\t<img fetchpriority=\"high\" decoding=\"async\" width=\"309\" height=\"309\" src=\"https:\/\/cadenceavocats.com\/wp-content\/uploads\/2024\/09\/home_expertise_financement.jpg\" class=\"attachment-large size-large wp-image-6945\" alt=\"\" srcset=\"https:\/\/cadenceavocats.com\/wp-content\/uploads\/2024\/09\/home_expertise_financement.jpg 309w, https:\/\/cadenceavocats.com\/wp-content\/uploads\/2024\/09\/home_expertise_financement-300x300.jpg 300w, https:\/\/cadenceavocats.com\/wp-content\/uploads\/2024\/09\/home_expertise_financement-150x150.jpg 150w\" sizes=\"(max-width: 309px) 100vw, 309px\" \/>\t\t\t\t\t\t\t\t\t\t\t\t\t<\/div>\n\t\t\t\t<\/div>\n\t\t\t\t<div class=\"elementor-element elementor-element-bbcf580 elementor-widget-mobile__width-inherit elementor-widget elementor-widget-heading\" data-id=\"bbcf580\" data-element_type=\"widget\" data-widget_type=\"heading.default\">\n\t\t\t\t<div class=\"elementor-widget-container\">\n\t\t\t<h2 class=\"elementor-heading-title elementor-size-default\">Finance <img decoding=\"async\" src=\"\/wp-content\/uploads\/2024\/10\/trois-ligne-blanc.png\" alt=\"\" \/><\/h2>\t\t<\/div>\n\t\t\t\t<\/div>\n\t\t\t\t<div class=\"elementor-element elementor-element-af4d8f8 elementor-hidden-mobile elementor-invisible elementor-widget elementor-widget-text-editor\" data-id=\"af4d8f8\" data-element_type=\"widget\" data-settings=\"{&quot;motion_fx_motion_fx_scrolling&quot;:&quot;yes&quot;,&quot;_animation&quot;:&quot;fadeIn&quot;,&quot;_animation_delay&quot;:500,&quot;motion_fx_devices&quot;:[&quot;desktop&quot;,&quot;tablet&quot;,&quot;mobile&quot;]}\" data-widget_type=\"text-editor.default\">\n\t\t\t\t<div class=\"elementor-widget-container\">\n\t\t\t\t\t\t\t<p>BANK FINANCE<\/p>\t\t\t\t\t\t<\/div>\n\t\t\t\t<\/div>\n\t\t\t\t<div class=\"elementor-element elementor-element-0f2b063 elementor-hidden-mobile elementor-invisible elementor-widget elementor-widget-text-editor\" data-id=\"0f2b063\" data-element_type=\"widget\" data-settings=\"{&quot;_animation&quot;:&quot;fadeIn&quot;,&quot;_animation_delay&quot;:900}\" data-widget_type=\"text-editor.default\">\n\t\t\t\t<div class=\"elementor-widget-container\">\n\t\t\t\t\t\t\t<p>CROWDFUNDING<\/p>\t\t\t\t\t\t<\/div>\n\t\t\t\t<\/div>\n\t\t\t\t<div class=\"elementor-element elementor-element-8a59445 elementor-hidden-mobile elementor-invisible elementor-widget elementor-widget-text-editor\" data-id=\"8a59445\" data-element_type=\"widget\" data-settings=\"{&quot;_animation&quot;:&quot;fadeIn&quot;,&quot;_animation_delay&quot;:600}\" data-widget_type=\"text-editor.default\">\n\t\t\t\t<div class=\"elementor-widget-container\">\n\t\t\t\t\t\t\t<p>BOND FINANCE<\/p>\t\t\t\t\t\t<\/div>\n\t\t\t\t<\/div>\n\t\t\t\t<div class=\"elementor-element elementor-element-aa47105 elementor-hidden-mobile elementor-invisible elementor-widget elementor-widget-text-editor\" data-id=\"aa47105\" data-element_type=\"widget\" data-settings=\"{&quot;_animation&quot;:&quot;fadeIn&quot;,&quot;_animation_delay&quot;:800}\" data-widget_type=\"text-editor.default\">\n\t\t\t\t<div class=\"elementor-widget-container\">\n\t\t\t\t\t\t\t<p>FUND RAISING<\/p>\t\t\t\t\t\t<\/div>\n\t\t\t\t<\/div>\n\t\t\t\t<div class=\"elementor-element elementor-element-78e160b elementor-hidden-mobile elementor-invisible elementor-widget elementor-widget-text-editor\" data-id=\"78e160b\" data-element_type=\"widget\" data-settings=\"{&quot;_animation&quot;:&quot;fadeIn&quot;,&quot;_animation_delay&quot;:700}\" data-widget_type=\"text-editor.default\">\n\t\t\t\t<div class=\"elementor-widget-container\">\n\t\t\t\t\t\t\t<p>SECURITIES<\/p>\t\t\t\t\t\t<\/div>\n\t\t\t\t<\/div>\n\t\t\t\t<div class=\"elementor-element elementor-element-40b1a92 elementor-hidden-mobile elementor-invisible elementor-widget elementor-widget-text-editor\" data-id=\"40b1a92\" data-element_type=\"widget\" data-settings=\"{&quot;_animation&quot;:&quot;fadeIn&quot;,&quot;_animation_delay&quot;:700}\" data-widget_type=\"text-editor.default\">\n\t\t\t\t<div class=\"elementor-widget-container\">\n\t\t\t\t\t\t\t<p>RENEWABLE ENERGY<\/p>\t\t\t\t\t\t<\/div>\n\t\t\t\t<\/div>\n\t\t\t\t<\/div>\n\t\t\t\t<div class=\"elementor-element elementor-element-e358077 elementor-widget__width-initial elementor-widget elementor-widget-text-editor\" data-id=\"e358077\" data-element_type=\"widget\" data-widget_type=\"text-editor.default\">\n\t\t\t\t<div class=\"elementor-widget-container\">\n\t\t\t\t\t\t\t<section id=\"\" class=\"bg-back1\"><div class=\"relative container mx-auto pb-20 lg:px-10 pt-20 text-primary sm:flex\"><div class=\"sm:basis-12\/12 px-10 sm:px-10 md:px-20 lg:px-28 xl:px-40\"><div id=\"\" class=\"leading-7\"><p class=\"mb-4\">CADENCE AVOCATS acts in banking and financial law, for companies and lenders.<\/p><p class=\"mb-4\">The firm has developed specific expertise in crowdfunding law (assistance to crowdfunding investment advisers and crowdfunding intermediaries and to those seeking funding for their projects).<\/p><\/div><\/div><\/div><\/section>\t\t\t\t\t\t<\/div>\n\t\t\t\t<\/div>\n\t\t\t\t<\/div>\n\t\t\t\t<\/div>","protected":false},"excerpt":{"rendered":"<p>Financement Financement bancaire Financement participatif Financement obligataire Lev\u00e9e de fonds S\u00fbret\u00e9s Energies renouvelables CADENCE AVOCATS intervient en droit bancaire et financier, pour les entreprises et pour les pr\u00eateurs. Le cabinet a notamment d\u00e9velopp\u00e9 une expertise en mati\u00e8re de financement participatif (assistance des Conseillers en Investissements Participatifs et des Interm\u00e9diaires en Financement Participatif, et assistance des&hellip;<\/p>","protected":false},"author":1,"featured_media":6945,"parent":0,"menu_order":6,"comment_status":"closed","ping_status":"closed","template":"","meta":{"footnotes":""},"class_list":["post-6943","page","type-page","status-publish","has-post-thumbnail","hentry"],"_links":{"self":[{"href":"https:\/\/cadenceavocats.com\/en\/wp-json\/wp\/v2\/pages\/6943","targetHints":{"allow":["GET"]}}],"collection":[{"href":"https:\/\/cadenceavocats.com\/en\/wp-json\/wp\/v2\/pages"}],"about":[{"href":"https:\/\/cadenceavocats.com\/en\/wp-json\/wp\/v2\/types\/page"}],"author":[{"embeddable":true,"href":"https:\/\/cadenceavocats.com\/en\/wp-json\/wp\/v2\/users\/1"}],"replies":[{"embeddable":true,"href":"https:\/\/cadenceavocats.com\/en\/wp-json\/wp\/v2\/comments?post=6943"}],"version-history":[{"count":25,"href":"https:\/\/cadenceavocats.com\/en\/wp-json\/wp\/v2\/pages\/6943\/revisions"}],"predecessor-version":[{"id":8508,"href":"https:\/\/cadenceavocats.com\/en\/wp-json\/wp\/v2\/pages\/6943\/revisions\/8508"}],"wp:featuredmedia":[{"embeddable":true,"href":"https:\/\/cadenceavocats.com\/en\/wp-json\/wp\/v2\/media\/6945"}],"wp:attachment":[{"href":"https:\/\/cadenceavocats.com\/en\/wp-json\/wp\/v2\/media?parent=6943"}],"curies":[{"name":"wp","href":"https:\/\/api.w.org\/{rel}","templated":true}]}}