{"id":7323,"date":"2024-10-07T08:27:15","date_gmt":"2024-10-07T08:27:15","guid":{"rendered":"https:\/\/preprod.cadenceavocats.com\/?page_id=7323"},"modified":"2024-12-12T11:22:13","modified_gmt":"2024-12-12T11:22:13","slug":"florian-petit","status":"publish","type":"page","link":"https:\/\/cadenceavocats.com\/en\/florian-petit\/","title":{"rendered":"Florian Petit"},"content":{"rendered":"<div data-elementor-type=\"wp-page\" data-elementor-id=\"7323\" class=\"elementor elementor-7323\" data-elementor-post-type=\"page\">\n\t\t\t\t<div class=\"elementor-element elementor-element-fd41ab9 e-con-full e-flex e-con e-parent\" data-id=\"fd41ab9\" data-element_type=\"container\" data-settings=\"{&quot;background_background&quot;:&quot;classic&quot;}\">\n\t\t<div class=\"elementor-element elementor-element-9821c4d e-grid e-con-boxed e-con e-child\" data-id=\"9821c4d\" data-element_type=\"container\">\n\t\t\t\t\t<div class=\"e-con-inner\">\n\t\t<div class=\"elementor-element elementor-element-cc1dcee e-con-full e-flex e-con e-child\" data-id=\"cc1dcee\" data-element_type=\"container\">\n\t\t\t\t<div class=\"elementor-element elementor-element-8f22189 elementor-widget__width-initial elementor-widget elementor-widget-heading\" data-id=\"8f22189\" data-element_type=\"widget\" data-widget_type=\"heading.default\">\n\t\t\t\t<div class=\"elementor-widget-container\">\n\t\t\t<h2 class=\"elementor-heading-title elementor-size-default\">Florian PETIT <img decoding=\"async\" class=\"troislignes\" src=\"\/wp-content\/uploads\/2024\/10\/trois-ligne.png\" alt=\"\" \/><\/h2>\t\t<\/div>\n\t\t\t\t<\/div>\n\t\t\t\t<div class=\"elementor-element elementor-element-bbf3d27 elementor-widget elementor-widget-text-editor\" data-id=\"bbf3d27\" data-element_type=\"widget\" data-widget_type=\"text-editor.default\">\n\t\t\t\t<div class=\"elementor-widget-container\">\n\t\t\t\t\t\t\t<div class=\"mb-20 md:mb-40 md:text-[15px] xl:text-[16px]\"><p class=\"mb-3\">Florian PETIT offers advisory and litigation services in all areas of tax law, and in company law.<\/p><p class=\"mb-3\">He advises his French and international clients on structuring their company groups and on wealth planning for the CEO, family shareholders and executives.<\/p><p class=\"mb-3\">He has also developed a sectoral specialism in relation to the regulated professions, advising professionals on optimisation and structuring of their professional practice.<\/p><p class=\"mb-3\">Before joining CADENCE AVOCATS, Florian worked for several years in leading law firms and in the M&amp;A department of a listed French company.<\/p><\/div>\t\t\t\t\t\t<\/div>\n\t\t\t\t<\/div>\n\t\t\t\t<\/div>\n\t\t<div class=\"elementor-element elementor-element-cb08958 e-con-full e-flex e-con e-child\" data-id=\"cb08958\" data-element_type=\"container\">\n\t\t\t\t<div class=\"elementor-element elementor-element-e857fdb elementor-widget__width-initial content-align-left the7-hover-visibility-disabled transform-overlay-yes exceeding-frame-yes elementor-widget elementor-widget-the7-image-widget\" data-id=\"e857fdb\" data-element_type=\"widget\" data-settings=\"{&quot;hover_visibility&quot;:&quot;disabled&quot;}\" data-widget_type=\"the7-image-widget.default\">\n\t\t\t\t<div class=\"elementor-widget-container\">\n\t\t\t<div class=\"the7-image-container\"><div class=\"the7-image-wrapper the7-elementor-widget the7-transform-container\"><div class=\"post-thumbnail-rollover layzr-bg img-css-resize-wrapper\"><img fetchpriority=\"high\" decoding=\"async\" width=\"552\" height=\"828\" src=\"data:image\/svg+xml,%3Csvg%20xmlns%3D&#039;http%3A%2F%2Fwww.w3.org%2F2000%2Fsvg&#039;%20viewBox%3D&#039;0%200%20552%20828&#039;%2F%3E\" class=\"attachment-full size-full preload-me aspect lazy lazy-load\" alt=\"\" sizes=\"(max-width: 552px) 100vw, 552px\" style=\"--ratio: 552 \/ 828;\" data-src=\"https:\/\/cadenceavocats.com\/wp-content\/uploads\/2024\/10\/equipe_florianP2.jpg\" loading=\"eager\" data-srcset=\"https:\/\/cadenceavocats.com\/wp-content\/uploads\/2024\/10\/equipe_florianP2.jpg 552w, https:\/\/cadenceavocats.com\/wp-content\/uploads\/2024\/10\/equipe_florianP2-200x300.jpg 200w\" \/><\/div><\/div><\/div>\t\t<\/div>\n\t\t\t\t<\/div>\n\t\t\t\t<\/div>\n\t\t\t\t\t<\/div>\n\t\t\t\t<\/div>\n\t\t\t\t<\/div>\n\t\t<div class=\"elementor-element elementor-element-b653021 e-flex e-con-boxed e-con e-parent\" data-id=\"b653021\" data-element_type=\"container\">\n\t\t\t\t\t<div class=\"e-con-inner\">\n\t\t<div class=\"elementor-element elementor-element-08d085b e-grid e-con-full e-con e-child\" data-id=\"08d085b\" data-element_type=\"container\">\n\t\t<div class=\"elementor-element elementor-element-6b3d1da e-con-full e-flex e-con e-child\" data-id=\"6b3d1da\" data-element_type=\"container\">\n\t\t<div class=\"elementor-element elementor-element-c34b4a9 e-con-full e-flex e-con e-child\" data-id=\"c34b4a9\" data-element_type=\"container\">\n\t\t\t\t<div class=\"elementor-element elementor-element-6e3777e elementor-widget elementor-widget-heading\" data-id=\"6e3777e\" data-element_type=\"widget\" data-widget_type=\"heading.default\">\n\t\t\t\t<div class=\"elementor-widget-container\">\n\t\t\t<h3 class=\"elementor-heading-title elementor-size-default\">Career<\/h3>\t\t<\/div>\n\t\t\t\t<\/div>\n\t\t\t\t<div class=\"elementor-element elementor-element-e9ce7a8 elementor-widget elementor-widget-text-editor\" data-id=\"e9ce7a8\" data-element_type=\"widget\" data-widget_type=\"text-editor.default\">\n\t\t\t\t<div class=\"elementor-widget-container\">\n\t\t\t\t\t\t\t<p class=\"mb-3\">Since 2021: CADENCE AVOCATS, partner<\/p><p class=\"mb-3\">2014-2021: STRATEYS, partner<\/p><p class=\"mb-3\">2011-2014: EY Avocats Transaction Tax \/ International Tax Services departments<\/p>\t\t\t\t\t\t<\/div>\n\t\t\t\t<\/div>\n\t\t\t\t<\/div>\n\t\t<div class=\"elementor-element elementor-element-60a500d e-con-full e-flex e-con e-child\" data-id=\"60a500d\" data-element_type=\"container\">\n\t\t\t\t<div class=\"elementor-element elementor-element-7f23e1f elementor-widget elementor-widget-heading\" data-id=\"7f23e1f\" data-element_type=\"widget\" data-widget_type=\"heading.default\">\n\t\t\t\t<div class=\"elementor-widget-container\">\n\t\t\t<h3 class=\"elementor-heading-title elementor-size-default\">Education<\/h3>\t\t<\/div>\n\t\t\t\t<\/div>\n\t\t\t\t<div class=\"elementor-element elementor-element-a24fb17 elementor-widget elementor-widget-text-editor\" data-id=\"a24fb17\" data-element_type=\"widget\" data-widget_type=\"text-editor.default\">\n\t\t\t\t<div class=\"elementor-widget-container\">\n\t\t\t\t\t\t\t<p class=\"mb-3\">2010: Master\u2019s (2 years) in Business Law and Taxation, University of Paris I Sorbonne \/ Major in International Taxation and Legal Strategy, HEC Paris<\/p><p class=\"mb-3\">2008: Certificate of Higher Education in Legal Studies \u2013 Cardiff University<\/p>\t\t\t\t\t\t<\/div>\n\t\t\t\t<\/div>\n\t\t\t\t<\/div>\n\t\t<div class=\"elementor-element elementor-element-7113768 e-con-full e-flex e-con e-child\" data-id=\"7113768\" data-element_type=\"container\">\n\t\t\t\t<div class=\"elementor-element elementor-element-c651504 elementor-widget elementor-widget-heading\" data-id=\"c651504\" data-element_type=\"widget\" data-widget_type=\"heading.default\">\n\t\t\t\t<div class=\"elementor-widget-container\">\n\t\t\t<h3 class=\"elementor-heading-title elementor-size-default\">Language<\/h3>\t\t<\/div>\n\t\t\t\t<\/div>\n\t\t\t\t<div class=\"elementor-element elementor-element-580a89d elementor-widget elementor-widget-text-editor\" data-id=\"580a89d\" data-element_type=\"widget\" data-widget_type=\"text-editor.default\">\n\t\t\t\t<div class=\"elementor-widget-container\">\n\t\t\t\t\t\t\t<p class=\"mb-3\">French<\/p><p class=\"mb-3\">English<\/p>\t\t\t\t\t\t<\/div>\n\t\t\t\t<\/div>\n\t\t\t\t<\/div>\n\t\t<div class=\"elementor-element elementor-element-b44fd98 e-con-full e-flex e-con e-child\" data-id=\"b44fd98\" data-element_type=\"container\">\n\t\t\t\t<div class=\"elementor-element elementor-element-57555b7 elementor-widget elementor-widget-heading\" data-id=\"57555b7\" data-element_type=\"widget\" data-widget_type=\"heading.default\">\n\t\t\t\t<div class=\"elementor-widget-container\">\n\t\t\t<h3 class=\"elementor-heading-title elementor-size-default\">Contact details<\/h3>\t\t<\/div>\n\t\t\t\t<\/div>\n\t\t\t\t<div class=\"elementor-element elementor-element-cbff5c5 elementor-widget elementor-widget-text-editor\" data-id=\"cbff5c5\" data-element_type=\"widget\" data-widget_type=\"text-editor.default\">\n\t\t\t\t<div class=\"elementor-widget-container\">\n\t\t\t\t\t\t\t<p class=\"mb-3\">fp@cadenceavocats.com<\/p><p class=\"mb-3\">06 32 57 85 16<\/p><p><a title=\"https:\/\/urldefense.com\/v3\/__https:\/\/www.linkedin.com\/in\/florian-petit-a1095a57\/?originalSubdomain=fr__;!!L5JFu3rA0L0!_ViyLrNwt_3ylMhEdCvO4cGESLem-Roa4oXRFANim4e-v3AVfTHNUeboady0yF3U64FHf0Y7r6CW1A$\" href=\"https:\/\/www.linkedin.com\/in\/florian-petit-a1095a57\/?originalSubdomain=fr__;!!L5JFu3rA0L0!_ViyLrNwt_3ylMhEdCvO4cGESLem-Roa4oXRFANim4e-v3AVfTHNUeboady0yF3U64FHf0Y7r6CW1A$\" target=\"_blank\" rel=\"noopener\" data-ogsc=\"\" data-outlook-id=\"59c7eea1-e463-435f-be07-5b0ab8f1abf3\">Florian Petit | LinkedIn<\/a><\/p>\t\t\t\t\t\t<\/div>\n\t\t\t\t<\/div>\n\t\t\t\t<\/div>\n\t\t\t\t<\/div>\n\t\t<div class=\"elementor-element elementor-element-d5b9f7b e-con-full e-flex e-con e-child\" data-id=\"d5b9f7b\" data-element_type=\"container\">\n\t\t<div class=\"elementor-element elementor-element-db5ed91 e-con-fit e-flex e-con e-child\" data-id=\"db5ed91\" data-element_type=\"container\">\n\t\t\t\t<div class=\"elementor-element elementor-element-516f210 elementor-widget elementor-widget-heading\" data-id=\"516f210\" data-element_type=\"widget\" data-widget_type=\"heading.default\">\n\t\t\t\t<div class=\"elementor-widget-container\">\n\t\t\t<h3 class=\"elementor-heading-title elementor-size-default\">Practice Areas<\/h3>\t\t<\/div>\n\t\t\t\t<\/div>\n\t\t\t\t<div class=\"elementor-element elementor-element-7bccf7e elementor-widget elementor-widget-text-editor\" data-id=\"7bccf7e\" data-element_type=\"widget\" data-widget_type=\"text-editor.default\">\n\t\t\t\t<div class=\"elementor-widget-container\">\n\t\t\t\t\t\t\t<p>Tax<\/p><p>Wealth<\/p><p>Company Law<\/p>\t\t\t\t\t\t<\/div>\n\t\t\t\t<\/div>\n\t\t\t\t<\/div>\n\t\t\t\t<\/div>\n\t\t\t\t<\/div>\n\t\t\t\t\t<\/div>\n\t\t\t\t<\/div>\n\t\t\t\t<\/div>","protected":false},"excerpt":{"rendered":"<p>Florian PETIT Florian PETIT intervient dans tous les domaines du droit fiscal, en conseil et contentieux ainsi qu\u2019en droit des soci\u00e9t\u00e9s. Il conseille sa client\u00e8le fran\u00e7aise et internationale dans la structuration de leur groupe de soci\u00e9t\u00e9s ainsi que sur la structuration du patrimoine du dirigeant, de l\u2019actionnariat familial ou des manageurs. Il a \u00e9galement d\u00e9velopp\u00e9&hellip;<\/p>","protected":false},"author":1,"featured_media":0,"parent":0,"menu_order":0,"comment_status":"closed","ping_status":"closed","template":"","meta":{"footnotes":""},"class_list":["post-7323","page","type-page","status-publish","hentry"],"_links":{"self":[{"href":"https:\/\/cadenceavocats.com\/en\/wp-json\/wp\/v2\/pages\/7323","targetHints":{"allow":["GET"]}}],"collection":[{"href":"https:\/\/cadenceavocats.com\/en\/wp-json\/wp\/v2\/pages"}],"about":[{"href":"https:\/\/cadenceavocats.com\/en\/wp-json\/wp\/v2\/types\/page"}],"author":[{"embeddable":true,"href":"https:\/\/cadenceavocats.com\/en\/wp-json\/wp\/v2\/users\/1"}],"replies":[{"embeddable":true,"href":"https:\/\/cadenceavocats.com\/en\/wp-json\/wp\/v2\/comments?post=7323"}],"version-history":[{"count":85,"href":"https:\/\/cadenceavocats.com\/en\/wp-json\/wp\/v2\/pages\/7323\/revisions"}],"predecessor-version":[{"id":8573,"href":"https:\/\/cadenceavocats.com\/en\/wp-json\/wp\/v2\/pages\/7323\/revisions\/8573"}],"wp:attachment":[{"href":"https:\/\/cadenceavocats.com\/en\/wp-json\/wp\/v2\/media?parent=7323"}],"curies":[{"name":"wp","href":"https:\/\/api.w.org\/{rel}","templated":true}]}}