{"id":8004,"date":"2024-11-18T13:52:20","date_gmt":"2024-11-18T13:52:20","guid":{"rendered":"https:\/\/preprod.cadenceavocats.com\/?page_id=8004"},"modified":"2025-02-28T14:06:46","modified_gmt":"2025-02-28T14:06:46","slug":"marina-chevalier","status":"publish","type":"page","link":"https:\/\/cadenceavocats.com\/en\/marina-chevalier\/","title":{"rendered":"Marina Chevalier"},"content":{"rendered":"<div data-elementor-type=\"wp-page\" data-elementor-id=\"8004\" class=\"elementor elementor-8004\" data-elementor-post-type=\"page\">\n\t\t\t\t<div class=\"elementor-element elementor-element-e3c1d0c e-con-full e-flex e-con e-parent\" data-id=\"e3c1d0c\" data-element_type=\"container\" data-settings=\"{&quot;background_background&quot;:&quot;classic&quot;}\">\n\t\t<div class=\"elementor-element elementor-element-6fc7235 e-grid e-con-boxed e-con e-child\" data-id=\"6fc7235\" data-element_type=\"container\">\n\t\t\t\t\t<div class=\"e-con-inner\">\n\t\t<div class=\"elementor-element elementor-element-cdeadc3 e-con-full e-flex e-con e-child\" data-id=\"cdeadc3\" data-element_type=\"container\">\n\t\t\t\t<div class=\"elementor-element elementor-element-a248960 elementor-widget__width-initial elementor-widget elementor-widget-heading\" data-id=\"a248960\" data-element_type=\"widget\" data-widget_type=\"heading.default\">\n\t\t\t\t<div class=\"elementor-widget-container\">\n\t\t\t<h2 class=\"elementor-heading-title elementor-size-default\">Marina CHEVALIER <img decoding=\"async\" class=\"troislignes\" src=\"\/wp-content\/uploads\/2024\/10\/trois-ligne.png\" alt=\"\" \/><\/h2>\t\t<\/div>\n\t\t\t\t<\/div>\n\t\t\t\t<div class=\"elementor-element elementor-element-909c05f elementor-widget elementor-widget-text-editor\" data-id=\"909c05f\" data-element_type=\"widget\" data-widget_type=\"text-editor.default\">\n\t\t\t\t<div class=\"elementor-widget-container\">\n\t\t\t\t\t\t\t<div class=\"mb-20 md:mb-40 md:text-[15px] xl:text-[16px]\"><p>Marina Chevalier is a paralegal. She is involved in the legal and administrative handling of the firm's cases. In corporate law, Marina is your point of contact for managing formalities (legal publications, formalities with the registry, registration).<\/p><\/div>\t\t\t\t\t\t<\/div>\n\t\t\t\t<\/div>\n\t\t\t\t<\/div>\n\t\t<div class=\"elementor-element elementor-element-1737664 e-con-full e-flex e-con e-child\" data-id=\"1737664\" data-element_type=\"container\">\n\t\t\t\t<div class=\"elementor-element elementor-element-0db8811 elementor-widget__width-initial content-align-left the7-hover-visibility-disabled transform-overlay-yes exceeding-frame-yes elementor-widget elementor-widget-the7-image-widget\" data-id=\"0db8811\" data-element_type=\"widget\" data-settings=\"{&quot;hover_visibility&quot;:&quot;disabled&quot;}\" data-widget_type=\"the7-image-widget.default\">\n\t\t\t\t<div class=\"elementor-widget-container\">\n\t\t\t<div class=\"the7-image-container\"><div class=\"the7-image-wrapper the7-elementor-widget the7-transform-container\"><div class=\"post-thumbnail-rollover layzr-bg img-css-resize-wrapper\"><img fetchpriority=\"high\" decoding=\"async\" width=\"276\" height=\"414\" src=\"data:image\/svg+xml,%3Csvg%20xmlns%3D&#039;http%3A%2F%2Fwww.w3.org%2F2000%2Fsvg&#039;%20viewBox%3D&#039;0%200%20276%20414&#039;%2F%3E\" class=\"attachment-full size-full preload-me aspect lazy lazy-load\" alt=\"\" sizes=\"(max-width: 276px) 100vw, 276px\" style=\"--ratio: 276 \/ 414;\" data-src=\"https:\/\/cadenceavocats.com\/wp-content\/uploads\/2025\/02\/equipe_marinaC.jpg\" loading=\"eager\" data-srcset=\"https:\/\/cadenceavocats.com\/wp-content\/uploads\/2025\/02\/equipe_marinaC.jpg 276w, https:\/\/cadenceavocats.com\/wp-content\/uploads\/2025\/02\/equipe_marinaC-200x300.jpg 200w, https:\/\/cadenceavocats.com\/wp-content\/uploads\/2025\/02\/equipe_marinaC-8x12.jpg 8w\" \/><\/div><\/div><\/div>\t\t<\/div>\n\t\t\t\t<\/div>\n\t\t\t\t<\/div>\n\t\t\t\t\t<\/div>\n\t\t\t\t<\/div>\n\t\t\t\t<\/div>\n\t\t<div class=\"elementor-element elementor-element-c5da976 e-flex e-con-boxed e-con e-parent\" data-id=\"c5da976\" data-element_type=\"container\">\n\t\t\t\t\t<div class=\"e-con-inner\">\n\t\t<div class=\"elementor-element elementor-element-c59acac e-grid e-con-full e-con e-child\" data-id=\"c59acac\" data-element_type=\"container\">\n\t\t<div class=\"elementor-element elementor-element-26db7c9 e-con-full e-flex e-con e-child\" data-id=\"26db7c9\" data-element_type=\"container\">\n\t\t<div class=\"elementor-element elementor-element-e7a7ce0 e-con-full e-flex e-con e-child\" data-id=\"e7a7ce0\" data-element_type=\"container\">\n\t\t\t\t<div class=\"elementor-element elementor-element-28b5d5d elementor-widget elementor-widget-heading\" data-id=\"28b5d5d\" data-element_type=\"widget\" data-widget_type=\"heading.default\">\n\t\t\t\t<div class=\"elementor-widget-container\">\n\t\t\t<h3 class=\"elementor-heading-title elementor-size-default\">Career<\/h3>\t\t<\/div>\n\t\t\t\t<\/div>\n\t\t\t\t<div class=\"elementor-element elementor-element-8dcb5e8 elementor-widget elementor-widget-text-editor\" data-id=\"8dcb5e8\" data-element_type=\"widget\" data-widget_type=\"text-editor.default\">\n\t\t\t\t<div class=\"elementor-widget-container\">\n\t\t\t\t\t\t\t<p class=\"mb-3\">From November 2023 : Paralegal at Cadence Avocats<\/p><p class=\"mb-3\">November 2022 - November 2023: Territorial administrative assistant, Saint-Malo-de-Beignon Town Hall<\/p><p>2013-2022: Paralegal at Ares Avocats<\/p><p>2005-2013: Paralegal at Praxes Avocats<\/p>\t\t\t\t\t\t<\/div>\n\t\t\t\t<\/div>\n\t\t\t\t<\/div>\n\t\t<div class=\"elementor-element elementor-element-604b658 e-con-full e-flex e-con e-child\" data-id=\"604b658\" data-element_type=\"container\">\n\t\t\t\t<div class=\"elementor-element elementor-element-ed248a0 elementor-widget elementor-widget-heading\" data-id=\"ed248a0\" data-element_type=\"widget\" data-widget_type=\"heading.default\">\n\t\t\t\t<div class=\"elementor-widget-container\">\n\t\t\t<h3 class=\"elementor-heading-title elementor-size-default\">Education<\/h3>\t\t<\/div>\n\t\t\t\t<\/div>\n\t\t\t\t<div class=\"elementor-element elementor-element-9236823 elementor-widget elementor-widget-text-editor\" data-id=\"9236823\" data-element_type=\"widget\" data-widget_type=\"text-editor.default\">\n\t\t\t\t<div class=\"elementor-widget-container\">\n\t\t\t\t\t\t\t<p>Law degree (Paris 1 Panth\u00e9on Sorbonne University)<\/p><p>Specialisation in corporate law (Ecole Nationale de Droit et de Proc\u00e9dure (National School of Law and Procedure))<\/p>\t\t\t\t\t\t<\/div>\n\t\t\t\t<\/div>\n\t\t\t\t<\/div>\n\t\t<div class=\"elementor-element elementor-element-afad2fa e-con-full e-flex e-con e-child\" data-id=\"afad2fa\" data-element_type=\"container\">\n\t\t\t\t<div class=\"elementor-element elementor-element-c1ae7bf elementor-widget elementor-widget-heading\" data-id=\"c1ae7bf\" data-element_type=\"widget\" data-widget_type=\"heading.default\">\n\t\t\t\t<div class=\"elementor-widget-container\">\n\t\t\t<h3 class=\"elementor-heading-title elementor-size-default\">Language<\/h3>\t\t<\/div>\n\t\t\t\t<\/div>\n\t\t\t\t<div class=\"elementor-element elementor-element-2550269 elementor-widget elementor-widget-text-editor\" data-id=\"2550269\" data-element_type=\"widget\" data-widget_type=\"text-editor.default\">\n\t\t\t\t<div class=\"elementor-widget-container\">\n\t\t\t\t\t\t\t<p class=\"mb-3\">French<\/p><p class=\"mb-3\">English<\/p>\t\t\t\t\t\t<\/div>\n\t\t\t\t<\/div>\n\t\t\t\t<\/div>\n\t\t<div class=\"elementor-element elementor-element-1b11e69 e-con-full e-flex e-con e-child\" data-id=\"1b11e69\" data-element_type=\"container\">\n\t\t\t\t<div class=\"elementor-element elementor-element-409dce3 elementor-widget elementor-widget-heading\" data-id=\"409dce3\" data-element_type=\"widget\" data-widget_type=\"heading.default\">\n\t\t\t\t<div class=\"elementor-widget-container\">\n\t\t\t<h3 class=\"elementor-heading-title elementor-size-default\">Contact details<\/h3>\t\t<\/div>\n\t\t\t\t<\/div>\n\t\t\t\t<div class=\"elementor-element elementor-element-1f02d48 elementor-widget elementor-widget-text-editor\" data-id=\"1f02d48\" data-element_type=\"widget\" data-widget_type=\"text-editor.default\">\n\t\t\t\t<div class=\"elementor-widget-container\">\n\t\t\t\t\t\t\t<p class=\"mb-3\">mc@cadenceavaocats.com<\/p>\t\t\t\t\t\t<\/div>\n\t\t\t\t<\/div>\n\t\t\t\t<\/div>\n\t\t\t\t<\/div>\n\t\t<div class=\"elementor-element elementor-element-affee09 e-con-full e-flex e-con e-child\" data-id=\"affee09\" data-element_type=\"container\">\n\t\t<div class=\"elementor-element elementor-element-86934a1 e-con-fit elementor-hidden-desktop elementor-hidden-tablet elementor-hidden-mobile e-flex e-con e-child\" data-id=\"86934a1\" data-element_type=\"container\">\n\t\t\t\t<div class=\"elementor-element elementor-element-d12657f elementor-widget elementor-widget-heading\" data-id=\"d12657f\" data-element_type=\"widget\" data-widget_type=\"heading.default\">\n\t\t\t\t<div class=\"elementor-widget-container\">\n\t\t\t<h3 class=\"elementor-heading-title elementor-size-default\">Practice Areas<\/h3>\t\t<\/div>\n\t\t\t\t<\/div>\n\t\t\t\t<div class=\"elementor-element elementor-element-aa839df elementor-widget elementor-widget-text-editor\" data-id=\"aa839df\" data-element_type=\"widget\" data-widget_type=\"text-editor.default\">\n\t\t\t\t<div class=\"elementor-widget-container\">\n\t\t\t\t\t\t\t<p>Tax<\/p><p>Wealth<\/p><p>Company Law<\/p>\t\t\t\t\t\t<\/div>\n\t\t\t\t<\/div>\n\t\t\t\t<\/div>\n\t\t\t\t<\/div>\n\t\t\t\t<\/div>\n\t\t\t\t\t<\/div>\n\t\t\t\t<\/div>\n\t\t\t\t<\/div>","protected":false},"excerpt":{"rendered":"<p>Marina CHEVALIER Marina Chevalier est assistante juridique. Elle intervient dans le traitement juridique et administratif des dossiers du cabinet. En droit des soci\u00e9t\u00e9s, Marina est votre interlocuteur privil\u00e9gi\u00e9 pour la gestion des formalit\u00e9s (publications l\u00e9gales, formalit\u00e9s aupr\u00e8s du greffe, enregistrement). Parcours professionnel Depuis novembre 2023\u00a0: Assistante juridique chez Cadence Avocats Novembre 2022 \u2013 novembre 2023:&hellip;<\/p>","protected":false},"author":1,"featured_media":0,"parent":0,"menu_order":0,"comment_status":"closed","ping_status":"closed","template":"","meta":{"footnotes":""},"class_list":["post-8004","page","type-page","status-publish","hentry"],"_links":{"self":[{"href":"https:\/\/cadenceavocats.com\/en\/wp-json\/wp\/v2\/pages\/8004","targetHints":{"allow":["GET"]}}],"collection":[{"href":"https:\/\/cadenceavocats.com\/en\/wp-json\/wp\/v2\/pages"}],"about":[{"href":"https:\/\/cadenceavocats.com\/en\/wp-json\/wp\/v2\/types\/page"}],"author":[{"embeddable":true,"href":"https:\/\/cadenceavocats.com\/en\/wp-json\/wp\/v2\/users\/1"}],"replies":[{"embeddable":true,"href":"https:\/\/cadenceavocats.com\/en\/wp-json\/wp\/v2\/comments?post=8004"}],"version-history":[{"count":22,"href":"https:\/\/cadenceavocats.com\/en\/wp-json\/wp\/v2\/pages\/8004\/revisions"}],"predecessor-version":[{"id":8651,"href":"https:\/\/cadenceavocats.com\/en\/wp-json\/wp\/v2\/pages\/8004\/revisions\/8651"}],"wp:attachment":[{"href":"https:\/\/cadenceavocats.com\/en\/wp-json\/wp\/v2\/media?parent=8004"}],"curies":[{"name":"wp","href":"https:\/\/api.w.org\/{rel}","templated":true}]}}