{"id":8084,"date":"2024-11-20T09:28:28","date_gmt":"2024-11-20T09:28:28","guid":{"rendered":"https:\/\/preprod.cadenceavocats.com\/?page_id=8084"},"modified":"2024-12-11T14:35:15","modified_gmt":"2024-12-11T14:35:15","slug":"archives","status":"publish","type":"page","link":"https:\/\/cadenceavocats.com\/en\/archives\/","title":{"rendered":"Archives"},"content":{"rendered":"<div data-elementor-type=\"wp-page\" data-elementor-id=\"8084\" class=\"elementor elementor-8084\" data-elementor-post-type=\"page\">\n\t\t\t\t<div class=\"elementor-element elementor-element-37e773d e-con-full e-flex e-con e-parent\" data-id=\"37e773d\" data-element_type=\"container\">\n\t\t<div class=\"elementor-element elementor-element-9520fec e-con-full e-flex e-con e-child\" data-id=\"9520fec\" data-element_type=\"container\">\n\t\t\t\t<div class=\"elementor-element elementor-element-de2c5ef elementor-widget elementor-widget-image\" data-id=\"de2c5ef\" data-element_type=\"widget\" data-widget_type=\"image.default\">\n\t\t\t\t<div class=\"elementor-widget-container\">\n\t\t\t\t\t\t\t\t\t\t\t\t\t<img fetchpriority=\"high\" decoding=\"async\" width=\"1024\" height=\"681\" src=\"https:\/\/cadenceavocats.com\/wp-content\/uploads\/2024\/11\/archives-1024x681.jpg\" class=\"attachment-large size-large wp-image-8111\" alt=\"\" srcset=\"https:\/\/cadenceavocats.com\/wp-content\/uploads\/2024\/11\/archives-1024x681.jpg 1024w, https:\/\/cadenceavocats.com\/wp-content\/uploads\/2024\/11\/archives-300x200.jpg 300w, https:\/\/cadenceavocats.com\/wp-content\/uploads\/2024\/11\/archives-768x511.jpg 768w, https:\/\/cadenceavocats.com\/wp-content\/uploads\/2024\/11\/archives-1536x1022.jpg 1536w, https:\/\/cadenceavocats.com\/wp-content\/uploads\/2024\/11\/archives-2048x1363.jpg 2048w\" sizes=\"(max-width: 1024px) 100vw, 1024px\" \/>\t\t\t\t\t\t\t\t\t\t\t\t\t<\/div>\n\t\t\t\t<\/div>\n\t\t\t\t<div class=\"elementor-element elementor-element-ad9559c elementor-widget elementor-widget-heading\" data-id=\"ad9559c\" data-element_type=\"widget\" data-widget_type=\"heading.default\">\n\t\t\t\t<div class=\"elementor-widget-container\">\n\t\t\t<h2 class=\"elementor-heading-title elementor-size-default\">News <img decoding=\"async\" src=\"\/wp-content\/uploads\/2024\/10\/trois-ligne-blanc.png\" alt=\"\" \/><\/h2>\t\t<\/div>\n\t\t\t\t<\/div>\n\t\t\t\t<\/div>\n\t\t\t\t<\/div>\n\t\t<div class=\"elementor-element elementor-element-30de877 e-flex e-con-boxed e-con e-parent\" data-id=\"30de877\" data-element_type=\"container\">\n\t\t\t\t\t<div class=\"e-con-inner\">\n\t\t\t\t<div class=\"elementor-element elementor-element-a914d89 elementor-widget elementor-widget-the7_elements\" data-id=\"a914d89\" data-element_type=\"widget\" data-widget_type=\"the7_elements.default\">\n\t\t\t\t<div class=\"elementor-widget-container\">\n\t\t\t<div class=\"portfolio-shortcode the7-elementor-widget the7_elements-a914d89 mode-masonry classic-layout-list description-under-image content-bg-on resize-by-browser-width loading-effect-fade-in\" data-padding=\"60px\" data-mobile-columns-num=\"1\" data-tablet-columns-num=\"2\" data-desktop-columns-num=\"3\" data-wide-desktop-columns-num=\"3\" data-post-limit=\"-1\" data-pagination-mode=\"standard\" data-scroll-offset=\"\"><div class=\"iso-container dt-isotope custom-iso-columns\"><div class=\"visible wf-cell iso-item\" data-post-id=\"8706\" data-date=\"2025-05-22T19:09:47+00:00\" data-name=\"CADENCE AVOCATS a accompagn\u00e9 Yannick AMAUCE et le management de la soci\u00e9t\u00e9 dans le cadre du LMBO de la soci\u00e9t\u00e9 OPTAVIS\"><article class=\"post visible no-img post-8706 type-post status-publish format-standard hentry category-communique\" data-name=\"CADENCE AVOCATS a accompagn\u00e9 Yannick AMAUCE et le management de la soci\u00e9t\u00e9 dans le cadre du LMBO de la soci\u00e9t\u00e9 OPTAVIS\" data-date=\"2025-05-22T19:09:47+00:00\">\n\n<div class=\"post-entry-content\">\n\n\t<h5 class=\"ele-entry-title\"><a href=\"https:\/\/cadenceavocats.com\/en\/cadence-avocats-a-accompagne-yannick-amauce-et-le-management-de-la-societe-dans-le-cadre-du-lmbo-de-la-societe-optavis\/\" rel=\"bookmark\" title=\"CADENCE AVOCATS a accompagn\u00e9 Yannick AMAUCE et le management de la soci\u00e9t\u00e9 dans le cadre du LMBO de la soci\u00e9t\u00e9 OPTAVIS\">CADENCE AVOCATS a accompagn\u00e9 Yannick AMAUCE et le management de la soci\u00e9t\u00e9 dans le cadre du LMBO de la soci\u00e9t\u00e9 OPTAVIS<\/a><\/h5><div class=\"entry-meta\"><span class=\"meta-item category-link\"><span>Press release<\/span><\/span><a href=\"https:\/\/cadenceavocats.com\/en\/2025\/05\/22\/\" title=\"19:09\" class=\"meta-item data-link\" rel=\"bookmark\"><time class=\"entry-date updated\" datetime=\"2025-05-22T19:09:47+00:00\">22\/05\/2025<\/time><\/a><\/div>\n<\/div><\/article><\/div><div class=\"visible wf-cell iso-item\" data-post-id=\"8608\" data-date=\"2025-02-13T14:41:40+00:00\" data-name=\"CADENCE AVOCATS conseille les associ\u00e9s de la soci\u00e9t\u00e9 5EME RUE dans le cadre de la cession de contr\u00f4le au profit de la soci\u00e9t\u00e9 THE ARCANE\"><article class=\"post visible no-img post-8608 type-post status-publish format-standard hentry category-communique\" data-name=\"CADENCE AVOCATS conseille les associ\u00e9s de la soci\u00e9t\u00e9 5EME RUE dans le cadre de la cession de contr\u00f4le au profit de la soci\u00e9t\u00e9 THE ARCANE\" data-date=\"2025-02-13T14:41:40+00:00\">\n\n<div class=\"post-entry-content\">\n\n\t<h5 class=\"ele-entry-title\"><a href=\"https:\/\/cadenceavocats.com\/en\/cadence-avocats-conseille-les-associes-de-la-societe-5eme-rue-dans-le-cadre-de-la-cession-de-controle-au-profit-de-la-societe-the-arcane\/\" rel=\"bookmark\" title=\"CADENCE AVOCATS conseille les associ\u00e9s de la soci\u00e9t\u00e9 5EME RUE dans le cadre de la cession de contr\u00f4le au profit de la soci\u00e9t\u00e9 THE ARCANE\">CADENCE AVOCATS conseille les associ\u00e9s de la soci\u00e9t\u00e9 5EME RUE dans le cadre de la cession de contr\u00f4le au profit de la soci\u00e9t\u00e9 THE ARCANE<\/a><\/h5><div class=\"entry-meta\"><span class=\"meta-item category-link\"><span>Press release<\/span><\/span><a href=\"https:\/\/cadenceavocats.com\/en\/2025\/02\/13\/\" title=\"14:41\" class=\"meta-item data-link\" rel=\"bookmark\"><time class=\"entry-date updated\" datetime=\"2025-02-13T14:41:40+00:00\">13\/02\/2025<\/time><\/a><\/div>\n<\/div><\/article><\/div><div class=\"visible wf-cell iso-item\" data-post-id=\"8047\" data-date=\"2024-04-29T08:46:00+00:00\" data-name=\"Cadence Avocats conseille les soci\u00e9t\u00e9s WKM Invest et Free Management dans la cession de 4 centres Fitness Park\"><article class=\"post visible no-img post-8047 type-post status-publish format-standard hentry category-communique\" data-name=\"Cadence Avocats conseille les soci\u00e9t\u00e9s WKM Invest et Free Management dans la cession de 4 centres Fitness Park\" data-date=\"2024-04-29T08:46:00+00:00\">\n\n<div class=\"post-entry-content\">\n\n\t<h5 class=\"ele-entry-title\"><a href=\"https:\/\/cadenceavocats.com\/en\/cadence-avocats-conseille-les-societes-wkm-invest-et-free-management-dans-la-cession-de-4-centres-fitness-park\/\" rel=\"bookmark\" title=\"Cadence Avocats advises WKM Invest and Free Management on the sale of 4 Fitness Park centres\">Cadence Avocats advises WKM Invest and Free Management on the sale of 4 Fitness Park centres<\/a><\/h5><div class=\"entry-meta\"><span class=\"meta-item category-link\"><span>Press release<\/span><\/span><a href=\"https:\/\/cadenceavocats.com\/en\/2024\/04\/29\/\" title=\"08:46\" class=\"meta-item data-link\" rel=\"bookmark\"><time class=\"entry-date updated\" datetime=\"2024-04-29T08:46:00+00:00\">29\/04\/2024<\/time><\/a><\/div>\n<\/div><\/article><\/div><div class=\"visible wf-cell iso-item\" data-post-id=\"8233\" data-date=\"2023-02-09T15:37:00+00:00\" data-name=\"CADENCE AVOCATS conseille Olivier BROCHARD dans le cadre de l\u2019op\u00e9ration d\u2019acquisition de la soci\u00e9t\u00e9 ARMOR PANNEAUX\"><article class=\"post visible no-img post-8233 type-post status-publish format-standard hentry category-communique\" data-name=\"CADENCE AVOCATS conseille Olivier BROCHARD dans le cadre de l\u2019op\u00e9ration d\u2019acquisition de la soci\u00e9t\u00e9 ARMOR PANNEAUX\" data-date=\"2023-02-09T15:37:00+00:00\">\n\n<div class=\"post-entry-content\">\n\n\t<h5 class=\"ele-entry-title\"><a href=\"https:\/\/cadenceavocats.com\/en\/cadence-avocats-conseille-olivier-brochard-dans-le-cadre-de-loperation-dacquisition-de-la-societe-armor-panneaux\/\" rel=\"bookmark\" title=\"CADENCE AVOCATS is advising Olivier BROCHARD on the takeover of ARMOR PANNEAUX.\">CADENCE AVOCATS is advising Olivier BROCHARD on the takeover of ARMOR PANNEAUX.<\/a><\/h5><div class=\"entry-meta\"><span class=\"meta-item category-link\"><span>Press release<\/span><\/span><a href=\"https:\/\/cadenceavocats.com\/en\/2023\/02\/09\/\" title=\"15:37\" class=\"meta-item data-link\" rel=\"bookmark\"><time class=\"entry-date updated\" datetime=\"2023-02-09T15:37:00+00:00\">09\/02\/2023<\/time><\/a><\/div>\n<\/div><\/article><\/div><div class=\"visible wf-cell iso-item\" data-post-id=\"7367\" data-date=\"2023-02-09T07:07:00+00:00\" data-name=\"Cadence Avocats conseille les associ\u00e9s de la soci\u00e9t\u00e9 Enerfip Participations dans le cadre du rachat des participations d\u00e9tenues par les investisseurs historiques\"><article class=\"post visible no-img post-7367 type-post status-publish format-standard hentry category-communique\" data-name=\"Cadence Avocats conseille les associ\u00e9s de la soci\u00e9t\u00e9 Enerfip Participations dans le cadre du rachat des participations d\u00e9tenues par les investisseurs historiques\" data-date=\"2023-02-09T07:07:00+00:00\">\n\n<div class=\"post-entry-content\">\n\n\t<h5 class=\"ele-entry-title\"><a href=\"https:\/\/cadenceavocats.com\/en\/titre-1\/\" rel=\"bookmark\" title=\"Cadence Avocats advises the partners of Enerfip Participations on the buyout of the stakes held by the long-standing investors\">Cadence Avocats advises the partners of Enerfip Participations on the buyout of the stakes held by the long-standing investors<\/a><\/h5><div class=\"entry-meta\"><span class=\"meta-item category-link\"><span>Press release<\/span><\/span><a href=\"https:\/\/cadenceavocats.com\/en\/2023\/02\/09\/\" title=\"07:07\" class=\"meta-item data-link\" rel=\"bookmark\"><time class=\"entry-date updated\" datetime=\"2023-02-09T07:07:00+00:00\">09\/02\/2023<\/time><\/a><\/div>\n<\/div><\/article><\/div><div class=\"visible wf-cell iso-item\" data-post-id=\"8246\" data-date=\"2022-10-17T15:48:00+00:00\" data-name=\"Microentreprise ou soci\u00e9t\u00e9, quel statut choisir ? Cadence Avocats donne des cl\u00e9s pour faire le bon choix.\"><article class=\"post visible no-img post-8246 type-post status-publish format-standard hentry category-communique\" data-name=\"Microentreprise ou soci\u00e9t\u00e9, quel statut choisir ? Cadence Avocats donne des cl\u00e9s pour faire le bon choix.\" data-date=\"2022-10-17T15:48:00+00:00\">\n\n<div class=\"post-entry-content\">\n\n\t<h5 class=\"ele-entry-title\"><a href=\"https:\/\/cadenceavocats.com\/en\/microentreprise-ou-societe-quel-statut-choisir-cadence-avocats-donne-des-cles-pour-faire-le-bon-choix\/\" rel=\"bookmark\" title=\"Microenterprise or company, which status should you choose? Cadence Avocats provides keys to making the right choice.\">Microenterprise or company, which status should you choose? Cadence Avocats provides keys to making the right choice.<\/a><\/h5><div class=\"entry-meta\"><span class=\"meta-item category-link\"><span>Press release<\/span><\/span><a href=\"https:\/\/cadenceavocats.com\/en\/2022\/10\/17\/\" title=\"15:48\" class=\"meta-item data-link\" rel=\"bookmark\"><time class=\"entry-date updated\" datetime=\"2022-10-17T15:48:00+00:00\">17\/10\/2022<\/time><\/a><\/div>\n<\/div><\/article><\/div><div class=\"visible wf-cell iso-item\" data-post-id=\"8239\" data-date=\"2022-09-14T15:43:00+00:00\" data-name=\"Cadence Avocats conseille l\u2019associ\u00e9 majoritaire d\u2019Addinsoft, \u00e9diteur de logiciels de math\u00e9matiques appliqu\u00e9es, dans le cadre de la cession de la soci\u00e9t\u00e9 au fonds d\u2019investissement am\u00e9ricain TA Associates.\"><article class=\"post visible no-img post-8239 type-post status-publish format-standard hentry category-communique\" data-name=\"Cadence Avocats conseille l\u2019associ\u00e9 majoritaire d\u2019Addinsoft, \u00e9diteur de logiciels de math\u00e9matiques appliqu\u00e9es, dans le cadre de la cession de la soci\u00e9t\u00e9 au fonds d\u2019investissement am\u00e9ricain TA Associates.\" data-date=\"2022-09-14T15:43:00+00:00\">\n\n<div class=\"post-entry-content\">\n\n\t<h5 class=\"ele-entry-title\"><a href=\"https:\/\/cadenceavocats.com\/en\/cadence-avocats-conseille-lassocie-majoritaire-daddinsoft-editeur-de-logiciels-de-mathematiques-appliquees-dans-le-cadre-de-la-cession-de-la-societe-au-fonds-dinvestisseme\/\" rel=\"bookmark\" title=\"Cadence Avocats is advising the majority shareholder of Addinsoft, the applied mathematics software publisher, on the sale of the company to the American investment fund TA Associates.\">Cadence Avocats is advising the majority shareholder of Addinsoft, the applied mathematics software publisher, on the sale of the company to the American investment fund TA Associates.<\/a><\/h5><div class=\"entry-meta\"><span class=\"meta-item category-link\"><span>Press release<\/span><\/span><a href=\"https:\/\/cadenceavocats.com\/en\/2022\/09\/14\/\" title=\"15:43\" class=\"meta-item data-link\" rel=\"bookmark\"><time class=\"entry-date updated\" datetime=\"2022-09-14T15:43:00+00:00\">14\/09\/2022<\/time><\/a><\/div>\n<\/div><\/article><\/div><div class=\"visible wf-cell iso-item\" data-post-id=\"7377\" data-date=\"2022-08-01T07:21:00+00:00\" data-name=\"Cadence Avocats conseille les associ\u00e9s de la Wild Code School dans le cadre de l\u2019int\u00e9gration \u00e0 Future Group\"><article class=\"post visible no-img post-7377 type-post status-publish format-standard hentry category-communique\" data-name=\"Cadence Avocats conseille les associ\u00e9s de la Wild Code School dans le cadre de l\u2019int\u00e9gration \u00e0 Future Group\" data-date=\"2022-08-01T07:21:00+00:00\">\n\n<div class=\"post-entry-content\">\n\n\t<h5 class=\"ele-entry-title\"><a href=\"https:\/\/cadenceavocats.com\/en\/titre-2\/\" rel=\"bookmark\" title=\"Cadence Avocats advises the partners of Wild Code School on their integration into Future Group\">Cadence Avocats advises the partners of Wild Code School on their integration into Future Group<\/a><\/h5><div class=\"entry-meta\"><span class=\"meta-item category-link\"><span>Press release<\/span><\/span><a href=\"https:\/\/cadenceavocats.com\/en\/2022\/08\/01\/\" title=\"07:21\" class=\"meta-item data-link\" rel=\"bookmark\"><time class=\"entry-date updated\" datetime=\"2022-08-01T07:21:00+00:00\">01\/08\/2022<\/time><\/a><\/div>\n<\/div><\/article><\/div><\/div><!-- iso-container|iso-grid --><\/div>\t\t<\/div>\n\t\t\t\t<\/div>\n\t\t\t\t\t<\/div>\n\t\t\t\t<\/div>\n\t\t\t\t<\/div>","protected":false},"excerpt":{"rendered":"<p>Actualit\u00e9s Cadence Avocats conseille les soci\u00e9t\u00e9s WKM Invest et Free Management dans la cession de 4 centres Fitness Park Communiqu\u00e929\/04\/2024 CADENCE AVOCATS conseille Olivier BROCHARD dans le cadre de l\u2019op\u00e9ration d\u2019acquisition de la soci\u00e9t\u00e9 ARMOR PANNEAUX Communiqu\u00e909\/02\/2023 Cadence Avocats conseille les associ\u00e9s de la soci\u00e9t\u00e9 Enerfip Participations dans le cadre du rachat des participations d\u00e9tenues&hellip;<\/p>","protected":false},"author":1,"featured_media":0,"parent":0,"menu_order":0,"comment_status":"closed","ping_status":"closed","template":"","meta":{"footnotes":""},"class_list":["post-8084","page","type-page","status-publish","hentry"],"_links":{"self":[{"href":"https:\/\/cadenceavocats.com\/en\/wp-json\/wp\/v2\/pages\/8084","targetHints":{"allow":["GET"]}}],"collection":[{"href":"https:\/\/cadenceavocats.com\/en\/wp-json\/wp\/v2\/pages"}],"about":[{"href":"https:\/\/cadenceavocats.com\/en\/wp-json\/wp\/v2\/types\/page"}],"author":[{"embeddable":true,"href":"https:\/\/cadenceavocats.com\/en\/wp-json\/wp\/v2\/users\/1"}],"replies":[{"embeddable":true,"href":"https:\/\/cadenceavocats.com\/en\/wp-json\/wp\/v2\/comments?post=8084"}],"version-history":[{"count":46,"href":"https:\/\/cadenceavocats.com\/en\/wp-json\/wp\/v2\/pages\/8084\/revisions"}],"predecessor-version":[{"id":8496,"href":"https:\/\/cadenceavocats.com\/en\/wp-json\/wp\/v2\/pages\/8084\/revisions\/8496"}],"wp:attachment":[{"href":"https:\/\/cadenceavocats.com\/en\/wp-json\/wp\/v2\/media?parent=8084"}],"curies":[{"name":"wp","href":"https:\/\/api.w.org\/{rel}","templated":true}]}}