{"id":8258,"date":"2024-12-04T09:02:30","date_gmt":"2024-12-04T09:02:30","guid":{"rendered":"https:\/\/preprod.cadenceavocats.com\/?page_id=8258"},"modified":"2024-12-11T14:47:09","modified_gmt":"2024-12-11T14:47:09","slug":"mentions-legales","status":"publish","type":"page","link":"https:\/\/cadenceavocats.com\/en\/mentions-legales\/","title":{"rendered":"Legal notices"},"content":{"rendered":"<div data-elementor-type=\"wp-page\" data-elementor-id=\"8258\" class=\"elementor elementor-8258\" data-elementor-post-type=\"page\">\n\t\t\t\t<div class=\"elementor-element elementor-element-40abf77 e-flex e-con-boxed e-con e-parent\" data-id=\"40abf77\" data-element_type=\"container\" data-settings=\"{&quot;background_background&quot;:&quot;classic&quot;}\">\n\t\t\t\t\t<div class=\"e-con-inner\">\n\t\t\t\t<div class=\"elementor-element elementor-element-158f593 elementor-widget elementor-widget-heading\" data-id=\"158f593\" data-element_type=\"widget\" data-widget_type=\"heading.default\">\n\t\t\t\t<div class=\"elementor-widget-container\">\n\t\t\t<h2 class=\"elementor-heading-title elementor-size-default\">Mentions L\u00e9gales <img decoding=\"async\" src=\"\/wp-content\/uploads\/2024\/10\/trois-ligne-blanc.png\" alt=\"\" \/><\/h2>\t\t<\/div>\n\t\t\t\t<\/div>\n\t\t\t\t\t<\/div>\n\t\t\t\t<\/div>\n\t\t<div class=\"elementor-element elementor-element-a42fd22 e-flex e-con-boxed e-con e-parent\" data-id=\"a42fd22\" data-element_type=\"container\">\n\t\t\t\t\t<div class=\"e-con-inner\">\n\t\t\t\t<div class=\"elementor-element elementor-element-8ef73c6 animated-slow elementor-widget elementor-widget-heading\" data-id=\"8ef73c6\" data-element_type=\"widget\" data-settings=\"{&quot;_animation&quot;:&quot;none&quot;}\" data-widget_type=\"heading.default\">\n\t\t\t\t<div class=\"elementor-widget-container\">\n\t\t\t<h3 class=\"elementor-heading-title elementor-size-default\">Cadence Avocats<\/h3>\t\t<\/div>\n\t\t\t\t<\/div>\n\t\t\t\t<div class=\"elementor-element elementor-element-d66941b elementor-widget elementor-widget-spacer\" data-id=\"d66941b\" data-element_type=\"widget\" data-widget_type=\"spacer.default\">\n\t\t\t\t<div class=\"elementor-widget-container\">\n\t\t\t\t\t<div class=\"elementor-spacer\">\n\t\t\t<div class=\"elementor-spacer-inner\"><\/div>\n\t\t<\/div>\n\t\t\t\t<\/div>\n\t\t\t\t<\/div>\n\t\t\t\t<div class=\"elementor-element elementor-element-d4ca609 elementor-widget__width-initial elementor-widget elementor-widget-text-editor\" data-id=\"d4ca609\" data-element_type=\"widget\" data-widget_type=\"text-editor.default\">\n\t\t\t\t<div class=\"elementor-widget-container\">\n\t\t\t\t\t\t\t<section id=\"\" class=\"bg-back1\"><div class=\"relative container mx-auto pb-20 lg:px-10 pt-20 text-primary sm:flex\"><div class=\"sm:basis-12\/12 px-10 sm:px-10 md:px-20 lg:px-28 xl:px-40\"><div id=\"\" class=\"leading-7\"><p class=\"mb-2 text-sm\">Association inter barreaux d\u2019avocats \u00e0 responsabilit\u00e9 professionnelle individuelle<\/p><p class=\"mb-2 text-sm\"><b>Si\u00e8ge :<\/b>\u00a0160 rue du Temple, 75003 Paris<\/p><p class=\"mb-2 text-sm\">Immatricul\u00e9e au r\u00e9pertoire Sirene sous le num\u00e9ro 833\u00a0676 802 dont les cog\u00e9rants sont Ma\u00eetre Florian Petit et Ma\u00eetre Marie Plassart<\/p><p class=\"mb-2 text-sm\"><b>Directeurs de la publication :<\/b>\u00a0Ma\u00eetre Florian Petit et Ma\u00eetre Marie Plassart<\/p><\/div><\/div><\/div><\/section>\t\t\t\t\t\t<\/div>\n\t\t\t\t<\/div>\n\t\t\t\t<div class=\"elementor-element elementor-element-81ebb89 elementor-widget elementor-widget-spacer\" data-id=\"81ebb89\" data-element_type=\"widget\" data-widget_type=\"spacer.default\">\n\t\t\t\t<div class=\"elementor-widget-container\">\n\t\t\t\t\t<div class=\"elementor-spacer\">\n\t\t\t<div class=\"elementor-spacer-inner\"><\/div>\n\t\t<\/div>\n\t\t\t\t<\/div>\n\t\t\t\t<\/div>\n\t\t\t\t<div class=\"elementor-element elementor-element-9b782b2 animated-slow elementor-widget elementor-widget-heading\" data-id=\"9b782b2\" data-element_type=\"widget\" data-settings=\"{&quot;_animation&quot;:&quot;none&quot;}\" data-widget_type=\"heading.default\">\n\t\t\t\t<div class=\"elementor-widget-container\">\n\t\t\t<h3 class=\"elementor-heading-title elementor-size-default\">Cr\u00e9ation et webdesign<\/h3>\t\t<\/div>\n\t\t\t\t<\/div>\n\t\t\t\t<div class=\"elementor-element elementor-element-a68520c elementor-widget elementor-widget-spacer\" data-id=\"a68520c\" data-element_type=\"widget\" data-widget_type=\"spacer.default\">\n\t\t\t\t<div class=\"elementor-widget-container\">\n\t\t\t\t\t<div class=\"elementor-spacer\">\n\t\t\t<div class=\"elementor-spacer-inner\"><\/div>\n\t\t<\/div>\n\t\t\t\t<\/div>\n\t\t\t\t<\/div>\n\t\t\t\t<div class=\"elementor-element elementor-element-05f6a5c elementor-widget__width-initial elementor-widget elementor-widget-text-editor\" data-id=\"05f6a5c\" data-element_type=\"widget\" data-widget_type=\"text-editor.default\">\n\t\t\t\t<div class=\"elementor-widget-container\">\n\t\t\t\t\t\t\t<section id=\"\" class=\"bg-back1\"><div class=\"relative container mx-auto pb-20 lg:px-10 pt-20 text-primary sm:flex\"><div class=\"sm:basis-12\/12 px-10 sm:px-10 md:px-20 lg:px-28 xl:px-40\"><div id=\"\" class=\"leading-7\"><p class=\"text-sm\">Cr\u00e9ative Factory<br \/>CCV BEAUMANOIR<br \/>ZAC de la Moinerie \u2013 10, Impasse du Grand Jardin<br \/>35400 SAINT-MALO<br \/>RCS : SAINT MALO 391 164 092<\/p><\/div><\/div><\/div><\/section>\t\t\t\t\t\t<\/div>\n\t\t\t\t<\/div>\n\t\t\t\t<div class=\"elementor-element elementor-element-395f647 elementor-widget elementor-widget-spacer\" data-id=\"395f647\" data-element_type=\"widget\" data-widget_type=\"spacer.default\">\n\t\t\t\t<div class=\"elementor-widget-container\">\n\t\t\t\t\t<div class=\"elementor-spacer\">\n\t\t\t<div class=\"elementor-spacer-inner\"><\/div>\n\t\t<\/div>\n\t\t\t\t<\/div>\n\t\t\t\t<\/div>\n\t\t\t\t<div class=\"elementor-element elementor-element-b4912f8 animated-slow elementor-widget elementor-widget-heading\" data-id=\"b4912f8\" data-element_type=\"widget\" data-settings=\"{&quot;_animation&quot;:&quot;none&quot;}\" data-widget_type=\"heading.default\">\n\t\t\t\t<div class=\"elementor-widget-container\">\n\t\t\t<h3 class=\"elementor-heading-title elementor-size-default\">Prestataire d\u2019h\u00e9bergement du site<\/h3>\t\t<\/div>\n\t\t\t\t<\/div>\n\t\t\t\t<div class=\"elementor-element elementor-element-7265938 elementor-widget elementor-widget-spacer\" data-id=\"7265938\" data-element_type=\"widget\" data-widget_type=\"spacer.default\">\n\t\t\t\t<div class=\"elementor-widget-container\">\n\t\t\t\t\t<div class=\"elementor-spacer\">\n\t\t\t<div class=\"elementor-spacer-inner\"><\/div>\n\t\t<\/div>\n\t\t\t\t<\/div>\n\t\t\t\t<\/div>\n\t\t\t\t<div class=\"elementor-element elementor-element-0bd38e7 elementor-widget__width-initial elementor-widget elementor-widget-text-editor\" data-id=\"0bd38e7\" data-element_type=\"widget\" data-widget_type=\"text-editor.default\">\n\t\t\t\t<div class=\"elementor-widget-container\">\n\t\t\t\t\t\t\t<section id=\"\" class=\"bg-back1\"><div class=\"relative container mx-auto pb-20 lg:px-10 pt-20 text-primary sm:flex\"><div class=\"sm:basis-12\/12 px-10 sm:px-10 md:px-20 lg:px-28 xl:px-40\"><div id=\"\" class=\"leading-7\"><p class=\"text-sm\">Le Site Web est h\u00e9berg\u00e9 par OVH<br \/>2 rue Kellermann \u2013 BP 80157<br \/>59100 Roubaix<br \/>Mail\u00a0: support@ovh.com<\/p><\/div><\/div><\/div><\/section>\t\t\t\t\t\t<\/div>\n\t\t\t\t<\/div>\n\t\t\t\t<div class=\"elementor-element elementor-element-df4e5d4 elementor-widget elementor-widget-spacer\" data-id=\"df4e5d4\" data-element_type=\"widget\" data-widget_type=\"spacer.default\">\n\t\t\t\t<div class=\"elementor-widget-container\">\n\t\t\t\t\t<div class=\"elementor-spacer\">\n\t\t\t<div class=\"elementor-spacer-inner\"><\/div>\n\t\t<\/div>\n\t\t\t\t<\/div>\n\t\t\t\t<\/div>\n\t\t\t\t<div class=\"elementor-element elementor-element-5664b48 animated-slow elementor-widget elementor-widget-heading\" data-id=\"5664b48\" data-element_type=\"widget\" data-settings=\"{&quot;_animation&quot;:&quot;none&quot;}\" data-widget_type=\"heading.default\">\n\t\t\t\t<div class=\"elementor-widget-container\">\n\t\t\t<h3 class=\"elementor-heading-title elementor-size-default\">Conditions d\u2019utilisation<\/h3>\t\t<\/div>\n\t\t\t\t<\/div>\n\t\t\t\t<div class=\"elementor-element elementor-element-fa7d081 elementor-widget elementor-widget-spacer\" data-id=\"fa7d081\" data-element_type=\"widget\" data-widget_type=\"spacer.default\">\n\t\t\t\t<div class=\"elementor-widget-container\">\n\t\t\t\t\t<div class=\"elementor-spacer\">\n\t\t\t<div class=\"elementor-spacer-inner\"><\/div>\n\t\t<\/div>\n\t\t\t\t<\/div>\n\t\t\t\t<\/div>\n\t\t\t\t<div class=\"elementor-element elementor-element-9d3661f elementor-widget__width-initial elementor-widget elementor-widget-text-editor\" data-id=\"9d3661f\" data-element_type=\"widget\" data-widget_type=\"text-editor.default\">\n\t\t\t\t<div class=\"elementor-widget-container\">\n\t\t\t\t\t\t\t<section id=\"\" class=\"bg-back1\"><div class=\"relative container mx-auto pb-20 lg:px-10 pt-20 text-primary sm:flex\"><div class=\"sm:basis-12\/12 px-10 sm:px-10 md:px-20 lg:px-28 xl:px-40\"><div id=\"\" class=\"leading-7\"><p class=\"mb-5 text-sm\">Les informations contenues et consultables sur le pr\u00e9sent site sont fournies \u00e0 titre indicatif et informatif par le cabinet Cadence Avocats. Elles peuvent \u00eatre modifi\u00e9es \u00e0 tout moment sans pr\u00e9avis. En aucun cas elles ne sauraient constituer un acte de conseil juridique, un d\u00e9marchage, une sollicitation et\/ou une offre de services de quelque nature que ce soit.<\/p><p class=\"mb-5 text-sm\">Vous assumez l\u2019enti\u00e8re responsabilit\u00e9 de l\u2019utilisation de ce site ou de l\u2019information qu\u2019il contient. Cadence Avocats ne saurait \u00eatre tenu pour responsable de dommages li\u00e9s \u00e0 la consultation ou \u00e0 l\u2019utilisation du site web par l\u2019utilisateur.<\/p><p class=\"mb-5 text-sm\">Cadence Avocats s\u2019assure que le site www.cadenceavocats.com ne comporte pas de lien hypertexte permettant d\u2019acc\u00e9der directement ou indirectement \u00e0 des sites ou \u00e0 des pages de sites dont le contenu serait contraire aux principes essentiels de la profession d\u2019avocat et prendre toutes dispositions pour les supprimer si ce site devait se r\u00e9v\u00e9ler contraire aux principes essentiels de la profession. Cadence Avocats ne saurait cependant engager sa responsabilit\u00e9 au-del\u00e0 de cette obligation d\u00e9ontologique.<\/p><p class=\"mb-5 text-sm\">L\u2019utilisation de ce site est r\u00e9serv\u00e9e \u00e0 un usage strictement personnel. Toute reproduction, repr\u00e9sentation ou adaptation, de tout ou partie des \u00e9l\u00e9ments d\u2019information, brochures, communiqu\u00e9s, illustrations, programmes informatiques ou logos contenus sur le site, sur un quelconque support est interdite. Le non-respect de cette interdiction constitue une contrefa\u00e7on pouvant engager la responsabilit\u00e9 civile et p\u00e9nale du contrefacteur.<\/p><p class=\"mb-5 text-sm\">Enfin, Cadence Avocats ne sera pas responsable des dommages r\u00e9sultant d\u2019une intrusion frauduleuse d\u2019un tiers ayant entra\u00een\u00e9 une modification des informations diffus\u00e9es sur ce site.<\/p><\/div><\/div><\/div><\/section>\t\t\t\t\t\t<\/div>\n\t\t\t\t<\/div>\n\t\t\t\t<div class=\"elementor-element elementor-element-3523769 elementor-widget elementor-widget-spacer\" data-id=\"3523769\" data-element_type=\"widget\" data-widget_type=\"spacer.default\">\n\t\t\t\t<div class=\"elementor-widget-container\">\n\t\t\t\t\t<div class=\"elementor-spacer\">\n\t\t\t<div class=\"elementor-spacer-inner\"><\/div>\n\t\t<\/div>\n\t\t\t\t<\/div>\n\t\t\t\t<\/div>\n\t\t\t\t<div class=\"elementor-element elementor-element-5ba46f1 animated-slow elementor-widget elementor-widget-heading\" data-id=\"5ba46f1\" data-element_type=\"widget\" data-settings=\"{&quot;_animation&quot;:&quot;none&quot;}\" data-widget_type=\"heading.default\">\n\t\t\t\t<div class=\"elementor-widget-container\">\n\t\t\t<h3 class=\"elementor-heading-title elementor-size-default\">Confidentialit\u00e9<\/h3>\t\t<\/div>\n\t\t\t\t<\/div>\n\t\t\t\t<div class=\"elementor-element elementor-element-e86495e elementor-widget elementor-widget-spacer\" data-id=\"e86495e\" data-element_type=\"widget\" data-widget_type=\"spacer.default\">\n\t\t\t\t<div class=\"elementor-widget-container\">\n\t\t\t\t\t<div class=\"elementor-spacer\">\n\t\t\t<div class=\"elementor-spacer-inner\"><\/div>\n\t\t<\/div>\n\t\t\t\t<\/div>\n\t\t\t\t<\/div>\n\t\t\t\t<div class=\"elementor-element elementor-element-e004e8e elementor-widget__width-initial elementor-widget elementor-widget-text-editor\" data-id=\"e004e8e\" data-element_type=\"widget\" data-widget_type=\"text-editor.default\">\n\t\t\t\t<div class=\"elementor-widget-container\">\n\t\t\t\t\t\t\t<section id=\"\" class=\"bg-back1\"><div class=\"relative container mx-auto pb-20 lg:px-10 pt-20 text-primary sm:flex\"><div class=\"sm:basis-12\/12 px-10 sm:px-10 md:px-20 lg:px-28 xl:px-40\"><div id=\"\" class=\"leading-7\"><p class=\"mb-5 text-sm\">Les traitements de donn\u00e9es personnelles collect\u00e9es \u00e0 partir de ce site sont effectu\u00e9s dans le respect de la loi n\u00b078-17 du 6 janvier 1978 telle que modifi\u00e9e relative \u00e0 l\u2019informatique, aux fichiers et aux libert\u00e9s (dite \u00ab\u00a0Loi Informatique et Libert\u00e9s\u00a0\u00bb).<\/p><p class=\"mb-5 text-sm\">Les informations vous concernant transmises par l\u2019interm\u00e9diaire du site du cabinet Cadence Avocats sont consultables exclusivement par les membres de nos \u00e9quipes professionnelles. Les donn\u00e9es collect\u00e9es et trait\u00e9es, le cas \u00e9ch\u00e9ant, par Cadence Avocats au moyen du site ne sont pas c\u00e9d\u00e9es ou lou\u00e9es, \u00e0 titre gratuit ou on\u00e9reux, \u00e0 des tiers.<\/p><p class=\"mb-5 text-sm\">Les donn\u00e9es relatives aux membres du cabinet Cadence Avocats qui sont rendues accessibles sur le site ne peuvent \u00eatre collect\u00e9es et faire l\u2019objet d\u2019un traitement sans l\u2019accord pr\u00e9alable et \u00e9crit de la personne concern\u00e9e. En particulier, chaque utilisateur s\u2019interdit de collecter et d\u2019utiliser, de mani\u00e8re manuelle ou automatis\u00e9e, ces donn\u00e9es pour envoyer des messages publicitaires ou de quelque autre nature.<\/p><p class=\"mb-5 text-sm\">Conform\u00e9ment \u00e0 la loi Informatique et Libert\u00e9s, vous disposez d\u2019un droit d\u2019acc\u00e8s, de rectification, et de suppression des donn\u00e9es relativement aux informations vous concernant. Vous pouvez l\u2019exercer \u00e0 tout moment, en nous informant par courrier \u00e9lectronique (contact@cadenceavocats.com) ou par courrier simple : Cadence Avocats \u2013 160 rue du Temple, 75003 Paris, en indiquant vos noms , pr\u00e9noms, ainsi que votre adresse \u00e9lectronique.<\/p><p class=\"mb-5 text-sm\">Conform\u00e9ment aux dispositions des articles L.612-1 et suivants du Code de la consommation, vous avez la possibilit\u00e9, en cas de litige avec un avocat, de recourir gratuitement au M\u00e9diateur de la consommation qui sera le m\u00e9diateur national pr\u00e8s du Conseil National des Barreaux (CNB) et dont les coordonn\u00e9es sont les suivantes : CNB, M\u00e9diateur de la consommation, 22 rue de Londres \u2013 75009 PARIS.<\/p><\/div><\/div><\/div><\/section>\t\t\t\t\t\t<\/div>\n\t\t\t\t<\/div>\n\t\t\t\t\t<\/div>\n\t\t\t\t<\/div>\n\t\t\t\t<\/div>","protected":false},"excerpt":{"rendered":"<p>Mentions L\u00e9gales Cadence Avocats Association inter barreaux d\u2019avocats \u00e0 responsabilit\u00e9 professionnelle individuelle Si\u00e8ge :\u00a0160 rue du Temple, 75003 Paris Immatricul\u00e9e au r\u00e9pertoire Sirene sous le num\u00e9ro 833\u00a0676 802 dont les cog\u00e9rants sont Ma\u00eetre Florian Petit et Ma\u00eetre Marie Plassart Directeurs de la publication :\u00a0Ma\u00eetre Florian Petit et Ma\u00eetre Marie Plassart Cr\u00e9ation et webdesign Cr\u00e9ative FactoryCCV&hellip;<\/p>","protected":false},"author":1,"featured_media":0,"parent":0,"menu_order":0,"comment_status":"closed","ping_status":"closed","template":"","meta":{"footnotes":""},"class_list":["post-8258","page","type-page","status-publish","hentry"],"_links":{"self":[{"href":"https:\/\/cadenceavocats.com\/en\/wp-json\/wp\/v2\/pages\/8258","targetHints":{"allow":["GET"]}}],"collection":[{"href":"https:\/\/cadenceavocats.com\/en\/wp-json\/wp\/v2\/pages"}],"about":[{"href":"https:\/\/cadenceavocats.com\/en\/wp-json\/wp\/v2\/types\/page"}],"author":[{"embeddable":true,"href":"https:\/\/cadenceavocats.com\/en\/wp-json\/wp\/v2\/users\/1"}],"replies":[{"embeddable":true,"href":"https:\/\/cadenceavocats.com\/en\/wp-json\/wp\/v2\/comments?post=8258"}],"version-history":[{"count":13,"href":"https:\/\/cadenceavocats.com\/en\/wp-json\/wp\/v2\/pages\/8258\/revisions"}],"predecessor-version":[{"id":8534,"href":"https:\/\/cadenceavocats.com\/en\/wp-json\/wp\/v2\/pages\/8258\/revisions\/8534"}],"wp:attachment":[{"href":"https:\/\/cadenceavocats.com\/en\/wp-json\/wp\/v2\/media?parent=8258"}],"curies":[{"name":"wp","href":"https:\/\/api.w.org\/{rel}","templated":true}]}}